{"id":13,"date":"2024-10-20T13:19:56","date_gmt":"2024-10-20T13:19:56","guid":{"rendered":"http:\/\/www.bodziotaxi.nysa.pl\/?page_id=13"},"modified":"2024-10-20T15:04:06","modified_gmt":"2024-10-20T15:04:06","slug":"strona-glowna","status":"publish","type":"page","link":"https:\/\/www.dobretaxi.nysa.pl\/","title":{"rendered":""},"content":{"rendered":"\n<div class=\"wp-block-buttons is-layout-flex wp-block-buttons-is-layout-flex\"><\/div>\n\n\n\n<div class=\"wp-block-columns alignwide are-vertically-aligned-center is-layout-flex wp-container-core-columns-is-layout-0b577f17 wp-block-columns-is-layout-flex\" style=\"padding-top:0;padding-right:0;padding-bottom:0;padding-left:0\">\n<div class=\"wp-block-column is-vertically-aligned-center is-layout-flow wp-block-column-is-layout-flow\">\n<p class=\"has-text-align-left has-accent-color has-text-color has-link-color has-small-font-size wp-elements-1061c11f68bdf287739bd257512de362\" style=\"font-style:normal;font-weight:600;text-transform:uppercase\"><\/p>\n\n\n\n<p class=\"has-text-align-center\"><strong>Bezp\u0142atny dojazd na terenie Nysy!<\/strong><\/p>\n\n\n\n<p class=\"has-text-align-center\"><strong>Obs\u0142uga wszystkich port\u00f3w lotniczych.<\/strong><\/p>\n\n\n\n<p class=\"has-text-align-center\"><strong>Obs\u0142uga imprez okolicznikowych.<\/strong><\/p>\n\n\n\n<p class=\"has-text-align-center\"><strong>Zakupy na telefon.<\/strong><\/p>\n\n\n\n<p class=\"has-text-align-center\"><strong>Rabaty dla sta\u0142ych klient\u00f3w.<\/strong><\/p>\n\n\n\n<p class=\"has-text-align-center\"><strong>Przewozy taxi na terenie ca\u0142ego kraju.<\/strong><\/p>\n\n\n\n<p class=\"has-text-align-center\"><strong>Rozmawiamy po angielsku<\/strong><\/p>\n\n\n\n<p class=\"has-text-align-center\"><strong><a href=\"tel:%E2%80%8E+48512201913\" data-type=\"tel\" data-id=\"tel:%E2%80%8E+48512201913\">+48 512 201 913<\/a><\/strong><\/p>\n\n\n\n\n\n<div class=\"wp-block-columns is-layout-flex wp-container-core-columns-is-layout-28f84493 wp-block-columns-is-layout-flex\">\n<div class=\"wp-block-column is-layout-flow wp-block-column-is-layout-flow\" style=\"flex-basis:100%\"><\/div>\n<\/div>\n<\/div>\n\n\n\n<div class=\"wp-block-column is-vertically-aligned-center is-layout-flow wp-block-column-is-layout-flow\" style=\"flex-basis:40%\">\n<figure class=\"wp-block-image size-full has-custom-border is-style-default\"><img loading=\"lazy\" decoding=\"async\" width=\"2560\" height=\"1701\" src=\"http:\/\/www.dobretaxi.nysa.pl\/wp-content\/uploads\/2024\/10\/yellow-car-street-city-scaled.jpg\" alt=\"\" class=\"wp-image-36\" style=\"border-radius:8px;aspect-ratio:1;object-fit:cover\" srcset=\"https:\/\/www.dobretaxi.nysa.pl\/wp-content\/uploads\/2024\/10\/yellow-car-street-city-scaled.jpg 2560w, https:\/\/www.dobretaxi.nysa.pl\/wp-content\/uploads\/2024\/10\/yellow-car-street-city-300x199.jpg 300w, https:\/\/www.dobretaxi.nysa.pl\/wp-content\/uploads\/2024\/10\/yellow-car-street-city-1024x681.jpg 1024w, https:\/\/www.dobretaxi.nysa.pl\/wp-content\/uploads\/2024\/10\/yellow-car-street-city-768x510.jpg 768w, https:\/\/www.dobretaxi.nysa.pl\/wp-content\/uploads\/2024\/10\/yellow-car-street-city-1536x1021.jpg 1536w, https:\/\/www.dobretaxi.nysa.pl\/wp-content\/uploads\/2024\/10\/yellow-car-street-city-2048x1361.jpg 2048w, https:\/\/www.dobretaxi.nysa.pl\/wp-content\/uploads\/2024\/10\/yellow-car-street-city-360x240.jpg 360w\" sizes=\"auto, (max-width: 2560px) 100vw, 2560px\" \/><\/figure>\n<\/div>\n<\/div>\n\n\n\n<p><\/p>\n","protected":false},"excerpt":{"rendered":"<p>Bezp\u0142atny dojazd na terenie Nysy! Obs\u0142uga wszystkich port\u00f3w lotniczych. Obs\u0142uga imprez okolicznikowych. Zakupy na telefon. Rabaty dla sta\u0142ych klient\u00f3w. Przewozy taxi na terenie ca\u0142ego kraju. Rozmawiamy po angielsku +48 512 201 913<\/p>\n","protected":false},"author":1,"featured_media":69,"parent":0,"menu_order":0,"comment_status":"closed","ping_status":"closed","template":"","meta":{"footnotes":""},"class_list":["post-13","page","type-page","status-publish","has-post-thumbnail","hentry"],"_links":{"self":[{"href":"https:\/\/www.dobretaxi.nysa.pl\/index.php?rest_route=\/wp\/v2\/pages\/13","targetHints":{"allow":["GET"]}}],"collection":[{"href":"https:\/\/www.dobretaxi.nysa.pl\/index.php?rest_route=\/wp\/v2\/pages"}],"about":[{"href":"https:\/\/www.dobretaxi.nysa.pl\/index.php?rest_route=\/wp\/v2\/types\/page"}],"author":[{"embeddable":true,"href":"https:\/\/www.dobretaxi.nysa.pl\/index.php?rest_route=\/wp\/v2\/users\/1"}],"replies":[{"embeddable":true,"href":"https:\/\/www.dobretaxi.nysa.pl\/index.php?rest_route=%2Fwp%2Fv2%2Fcomments&post=13"}],"version-history":[{"count":11,"href":"https:\/\/www.dobretaxi.nysa.pl\/index.php?rest_route=\/wp\/v2\/pages\/13\/revisions"}],"predecessor-version":[{"id":78,"href":"https:\/\/www.dobretaxi.nysa.pl\/index.php?rest_route=\/wp\/v2\/pages\/13\/revisions\/78"}],"wp:featuredmedia":[{"embeddable":true,"href":"https:\/\/www.dobretaxi.nysa.pl\/index.php?rest_route=\/wp\/v2\/media\/69"}],"wp:attachment":[{"href":"https:\/\/www.dobretaxi.nysa.pl\/index.php?rest_route=%2Fwp%2Fv2%2Fmedia&parent=13"}],"curies":[{"name":"wp","href":"https:\/\/api.w.org\/{rel}","templated":true}]}}